{"id":86,"date":"2025-07-01T09:13:01","date_gmt":"2025-07-01T07:13:01","guid":{"rendered":"https:\/\/acasadamore.com\/?page_id=86"},"modified":"2025-09-16T12:24:47","modified_gmt":"2025-09-16T10:24:47","slug":"informazioni-legali","status":"publish","type":"page","link":"https:\/\/acasadamore.com\/it\/mentions-legales\/","title":{"rendered":"\ud80c\udc80 Mentions l\u00e9gales"},"content":{"rendered":"<p><strong>Editore del sito<\/strong><\/p>\n\n\n\n<ul class=\"wp-block-list\">\n<li><strong>Nome o ragione sociale<\/strong>Emelyne d'Amore<\/li>\n\n\n\n<li><strong>Forma giuridica<\/strong>Impresa individuale<\/li>\n\n\n\n<li><strong>Indirizzo della sede legale<\/strong>SANTA CROCE, CORSO SAMPIERO, 20119 BASTELICA<\/li>\n\n\n\n<li><strong>Numero di telefono<\/strong>: <a href=\"tel:0033611959705\">33611949705<\/a><\/li>\n\n\n\n<li><strong>Indirizzo e-mail di contatto<\/strong>: acasadamore@gmail.com<\/li>\n\n\n\n<li><strong>Numero di registrazione<\/strong>: 823967757<\/li>\n\n\n\n<li><strong>Direttore editoriale<\/strong>Emelyne d'Amore<\/li>\n<\/ul>\n\n\n\n<p><strong>Hosting<\/strong><\/p>\n\n\n\n<ul class=\"wp-block-list\">\n<li><strong>Ospite<\/strong>: Stand<\/li>\n\n\n\n<li><strong>Indirizzo dell'host<\/strong>Pentone, 20221 Cervioni, UE<\/li>\n<\/ul>\n\n\n\n<p><strong>Propriet\u00e0 intellettuale<\/strong><br>L'intero contenuto del sito ACASADAMORE.COM, di seguito denominato \"Sito\": testi, immagini, grafici, loghi, icone, suoni, software, ecc. \u00e8 di propriet\u00e0 di Emelyne d'Amore, di seguito denominata \"Societ\u00e0\", ed \u00e8 soggetto ad autorizzazione d'uso. \u00c8 vietata la riproduzione, la rappresentazione, la modifica, la pubblicazione, l'adattamento di tutti o parte degli elementi del sito, qualunque sia il mezzo o il processo utilizzato, salvo previa autorizzazione scritta della Societ\u00e0.<\/p>\n\n\n\n<p><strong>Condizioni generali di utilizzo<\/strong><br>L'utilizzo del sito implica la piena accettazione delle condizioni generali di utilizzo descritte di seguito. Tali condizioni possono essere modificate o integrate in qualsiasi momento, pertanto si consiglia agli utenti del sito di consultarle regolarmente.<\/p>\n\n\n\n<p><strong>Protezione dei dati personali<\/strong><br>Le informazioni raccolte tramite i moduli di questo sito vengono registrate dalla Societ\u00e0 per l'analisi statistica del numero di visitatori e per la gestione commerciale. Ai sensi della legge sulla protezione dei dati e del RGPD, potete esercitare i vostri diritti di accesso, rettifica e opposizione ai dati che vi riguardano rivolgendovi a <a href=\"#adresse-mail\">l'indirizzo e-mail di contatto<\/a> all'inizio della pagina.<\/p>\n\n\n\n<p><strong>Biscotti<\/strong><br>Il Sito utilizza i cookie per migliorare l'esperienza dell'utente, compilare statistiche sulle visite e offrire servizi personalizzati. Per saperne di pi\u00f9 e per configurare i cookie, consultare la nostra informativa sulla privacy.<\/p>\n\n\n\n<p><strong>Legge applicabile e giurisdizione<\/strong><br>Qualsiasi controversia derivante dall'utilizzo del Sito \u00e8 soggetta alla legge francese. La giurisdizione esclusiva \u00e8 attribuita ai tribunali competenti del dipartimento della Societ\u00e0.<\/p>\n\n\n\n<p><strong>Contatto<\/strong><br>Per qualsiasi domanda o richiesta di informazioni sui prodotti o servizi presentati sul sito, o sul sito stesso, \u00e8 possibile inviare un messaggio a <a href=\"#adresse-mail\">l'indirizzo e-mail di contatto<\/a> all'inizio della pagina.<\/p>","protected":false},"excerpt":{"rendered":"<p>\u00c9diteur du site H\u00e9bergement Propri\u00e9t\u00e9 intellectuelleL\u2019ensemble du contenu du site ACASADAMORE.COM\u202f, d\u00e9nomm\u00e9 plus bas \u2018\u2019Site\u2019\u2019: textes, images, graphismes, logo, ic\u00f4nes, sons, logiciels, etc., est la propri\u00e9t\u00e9 de Emelyne d&rsquo;Amore, d\u00e9nomm\u00e9e plus bas \u2018\u2019Entreprise\u2019\u2019 fait l\u2019objet d\u2019une autorisation d\u2019utilisation. Toute reproduction, repr\u00e9sentation, modification, publication, adaptation de tout ou partie des \u00e9l\u00e9ments du site, quel que soit&#8230;<\/p>","protected":false},"author":2,"featured_media":0,"parent":0,"menu_order":0,"comment_status":"closed","ping_status":"closed","template":"","meta":{"_kad_blocks_custom_css":"","_kad_blocks_head_custom_js":"","_kad_blocks_body_custom_js":"","_kad_blocks_footer_custom_js":"","_kad_post_transparent":"","_kad_post_title":"","_kad_post_layout":"narrow","_kad_post_sidebar_id":"","_kad_post_content_style":"","_kad_post_vertical_padding":"","_kad_post_feature":"","_kad_post_feature_position":"","_kad_post_header":false,"_kad_post_footer":false,"_kad_post_classname":"","footnotes":""},"class_list":["post-86","page","type-page","status-publish","hentry"],"taxonomy_info":[],"featured_image_src_large":false,"author_info":{"display_name":"manon","author_link":"https:\/\/acasadamore.com\/it\/author\/manon\/"},"comment_info":"","_links":{"self":[{"href":"https:\/\/acasadamore.com\/it\/wp-json\/wp\/v2\/pages\/86","targetHints":{"allow":["GET"]}}],"collection":[{"href":"https:\/\/acasadamore.com\/it\/wp-json\/wp\/v2\/pages"}],"about":[{"href":"https:\/\/acasadamore.com\/it\/wp-json\/wp\/v2\/types\/page"}],"author":[{"embeddable":true,"href":"https:\/\/acasadamore.com\/it\/wp-json\/wp\/v2\/users\/2"}],"replies":[{"embeddable":true,"href":"https:\/\/acasadamore.com\/it\/wp-json\/wp\/v2\/comments?post=86"}],"version-history":[{"count":0,"href":"https:\/\/acasadamore.com\/it\/wp-json\/wp\/v2\/pages\/86\/revisions"}],"wp:attachment":[{"href":"https:\/\/acasadamore.com\/it\/wp-json\/wp\/v2\/media?parent=86"}],"curies":[{"name":"wp","href":"https:\/\/api.w.org\/{rel}","templated":true}]}}